{"id":16076,"date":"2021-01-21T11:39:02","date_gmt":"2021-01-21T10:39:02","guid":{"rendered":"https:\/\/exploring-spain.com\/viaje-a-medida\/"},"modified":"2025-08-28T16:04:40","modified_gmt":"2025-08-28T14:04:40","slug":"viaje-a-medida","status":"publish","type":"page","link":"https:\/\/exploring-spain.com\/es\/viaje-a-medida\/","title":{"rendered":"Viaje a medida"},"content":{"rendered":"<div class=\"wp-block-columns is-layout-flex wp-container-core-columns-is-layout-9d6595d7 wp-block-columns-is-layout-flex\"><div class=\"wp-block-column is-layout-flow wp-block-column-is-layout-flow\" style=\"flex-basis:33%\"><h4 class=\"wp-block-heading\">Direcci\u00f3n<\/h4>\n\n<address>\n                              <strong>Muntania Outdoors S.L.<\/strong><br\/>                              <i class=\"fa fa-map-marker\"><\/i><strong>Direcci\u00f3n: <\/strong>C\/ de las Cruces N\u00ba1-Bloque 2 &#8211; 2\u00baC Urbanizaci\u00f3n Navarejo<br\/>                              <i class=\"fa fa-plane\"><\/i><strong>Ciudad:<\/strong>Navacerrada, Madrid, CP 28491<br\/>                              <i class=\"fa fa-phone\"><\/i> <abbr title=\"Tel\u00e9fono\"><\/abbr> (+34) 629 37 98 94<br\/>                              <i class=\"fa fa-map-marker\"><\/i><strong>Agencia de viajes:<\/strong> CICMA 2608\n                            <\/address>\n<address>\n                              <strong>Correos electr\u00f3nicos de Muntania<\/strong><br\/>                              <i class=\"fa fa-envelope\"><\/i><strong>Correo electr\u00f3nico:<\/strong><a href=\"mailto:#\">info@exploring-spain.com<\/a><br\/>                    <\/address><\/div>\n\n<div class=\"wp-block-column is-layout-flow wp-block-column-is-layout-flow\"><h3 class=\"wp-block-heading\">\u00bfNo encuentra lo que busca en el calendario?<\/h3>\n\n<p>\u00bfQuiere viajar en otras fechas? \u00bfCon un programa diferente? No se preocupe. Cualquier viaje de nuestro cat\u00e1logo se puede ajustar a sus necesidades. Lo \u00fanico que tiene que hacer es decirnos cu\u00e1ndo y c\u00f3mo quiere viajar. Nosotros hacemos el resto.<\/p>\n\n<p>Rellene el formulario o p\u00f3ngase en contacto con nosotros:<\/p>\n\n<ul><li><i class=\"fa fa-envelope\"><\/i> <a href=\"mailto:#\">info@muntania.com<\/a><\/li><li>  <i class=\"fa fa-phone\"><\/i> <abbr title=\"Tel\u00e9fono\"><\/abbr>  (+34) 629 37 98 94<br\/><\/li><\/ul>\n\n<div class=\"wp-block-contact-form-7-contact-form-selector form-theme\">\n<div class=\"wpcf7 no-js\" id=\"wpcf7-f1875-o1\" lang=\"es-ES\" dir=\"ltr\" data-wpcf7-id=\"1875\">\n<div class=\"screen-reader-response\"><p role=\"status\" aria-live=\"polite\" aria-atomic=\"true\"><\/p> <ul><\/ul><\/div>\n<form action=\"\/es\/wp-json\/wp\/v2\/pages\/16076#wpcf7-f1875-o1\" method=\"post\" class=\"wpcf7-form init e97010a3fd72 cmatic-conn cmatic-aud-2 cmatic-mapd0-0 cmatic-v0973 cmatic-sent-0 cmatic-total-4990\" aria-label=\"Formulario de contacto\" novalidate=\"novalidate\" data-status=\"init\">\n<fieldset class=\"hidden-fields-container\"><input type=\"hidden\" name=\"_wpcf7\" value=\"1875\" \/><input type=\"hidden\" name=\"_wpcf7_version\" value=\"6.1.4\" \/><input type=\"hidden\" name=\"_wpcf7_locale\" value=\"es_ES\" \/><input type=\"hidden\" name=\"_wpcf7_unit_tag\" value=\"wpcf7-f1875-o1\" \/><input type=\"hidden\" name=\"_wpcf7_container_post\" value=\"0\" \/><input type=\"hidden\" name=\"_wpcf7_posted_data_hash\" value=\"\" \/><input type=\"hidden\" name=\"_wpcf7dtx_version\" value=\"5.0.4\" \/>\n<\/fieldset>\n<p><span class=\"wpcf7-form-control-wrap\" data-name=\"your-name\"><input size=\"40\" maxlength=\"400\" class=\"wpcf7-form-control wpcf7-text wpcf7-validates-as-required\" aria-required=\"true\" aria-invalid=\"false\" placeholder=\"Your name (required)\" value=\"\" type=\"text\" name=\"your-name\" \/><\/span><br \/>\n<span class=\"wpcf7-form-control-wrap\" data-name=\"your-email\"><input size=\"40\" maxlength=\"400\" class=\"wpcf7-form-control wpcf7-email wpcf7-validates-as-required wpcf7-text wpcf7-validates-as-email\" aria-required=\"true\" aria-invalid=\"false\" placeholder=\"Your email (required)\" value=\"\" type=\"email\" name=\"your-email\" \/><\/span><br \/>\n<span class=\"wpcf7-form-control-wrap\" data-name=\"your-tel\"><input size=\"40\" maxlength=\"400\" class=\"wpcf7-form-control wpcf7-tel wpcf7-text wpcf7-validates-as-tel\" aria-invalid=\"false\" placeholder=\"Phone\" value=\"\" type=\"tel\" name=\"your-tel\" \/><\/span><br \/>\n<span class=\"wpcf7-form-control-wrap\" data-name=\"your-subject\"><input size=\"40\" maxlength=\"400\" class=\"wpcf7-form-control wpcf7-text wpcf7-validates-as-required\" aria-required=\"true\" aria-invalid=\"false\" placeholder=\"Subject\" value=\"\" type=\"text\" name=\"your-subject\" \/><\/span><br \/>\n<span class=\"wpcf7-form-control-wrap\" data-name=\"your-message\"><textarea cols=\"40\" rows=\"2\" maxlength=\"2000\" class=\"wpcf7-form-control wpcf7-textarea wpcf7-validates-as-required\" aria-required=\"true\" aria-invalid=\"false\" placeholder=\"Your message\" name=\"your-message\"><\/textarea><\/span>\n<\/p>\n<div class=\"chkboks\">\n\t<p><span class=\"wpcf7-form-control-wrap\" data-name=\"privacy-acceptance\"><span class=\"wpcf7-form-control wpcf7-acceptance\"><span class=\"wpcf7-list-item\"><label><input type=\"checkbox\" name=\"privacy-acceptance\" value=\"1\" aria-invalid=\"false\" \/><span class=\"wpcf7-list-item-label\">I accept the privacy policy and terms of use<\/span><\/label><\/span><\/span><\/span><br \/>\n<span class=\"wpcf7-form-control-wrap\" data-name=\"newsletter-acceptance\"><span class=\"wpcf7-form-control wpcf7-acceptance optional\"><span class=\"wpcf7-list-item\"><label><input type=\"checkbox\" name=\"newsletter-acceptance\" value=\"1\" aria-invalid=\"false\" \/><span class=\"wpcf7-list-item-label\">Receive the Newsletter with the latest news and activities<\/span><\/label><\/span><\/span><\/span>\n\t<\/p>\n<\/div>\n<div class=\"form-legal\">\n\t<p>MUNTANIA OUTDOORS, S.L. is responsible for the processing of the User's personal data and informs you that these data will be processed in accordance with the provisions of Regulation (EU) 2016\/679, of April 27 (GDPR), and Organic Law 3\/2018 , of December 5 (LOPDGDD), for which the following treatment information is provided:<br \/>\nPurposes and legitimacy of the treatment: maintain a commercial relationship (for the legitimate interest of the person in charge, art. 6.1.f GDPR) and sending communications of products or services (with the consent of the interested party, art. 6.1.a GDPR).<br \/>\nData conservation criteria: they will be kept for no longer than necessary to maintain the purpose of the treatment or there are legal prescriptions that dictate their custody and when it is no longer necessary for it, they will be deleted with adequate security measures to guarantee the anonymization of the data. the data or the total destruction of the same.\n\t<\/p>\n\t<p>Communication of the data: the data will not be communicated to third parties, except legal obligation.\n\t<\/p>\n\t<p>Rights that assist the User:<br \/>\n- Right to withdraw consent at any time.<br \/>\n- Right of access, rectification, portability and deletion of your data, and limitation or opposition to its treatment.<br \/>\n- Right to file a claim with the Control Authority (www.aepd.es) if you consider that the treatment does not comply with current regulations.<br \/>\nContact information to exercise your rights:<br \/>\nMUNTANIA OUTDOORS, S.L.. CALLE LAS CRUCES 1. PORTAL 2, 2C, - 28491 NAVACERRADA (Madrid). E-mail: INFO@MUNTANIA.COM<br \/>\nTo continue you must accept that you have read and agree with the previous clause<br \/>\n<span class=\"wpcf7-form-control-wrap\" data-name=\"acceptance-527\"><span class=\"wpcf7-form-control wpcf7-acceptance\"><span class=\"wpcf7-list-item\"><label><input type=\"checkbox\" name=\"acceptance-527\" value=\"1\" aria-invalid=\"false\" \/><span class=\"wpcf7-list-item-label\">I accept the consent for data processing.<\/span><\/label><\/span><\/span><\/span>\n\t<\/p>\n<\/div>\n<div class=\"submit\">\n\t<p><input class=\"wpcf7-form-control wpcf7-submit has-spinner btn btn-primary\" type=\"submit\" value=\"Send\" \/>\n\t<\/p>\n<\/div><input type='hidden' class='wpcf7-pum' value='{\"closepopup\":false,\"closedelay\":0,\"openpopup\":false,\"openpopup_id\":0}' \/><div class=\"wpcf7-response-output\" aria-hidden=\"true\"><\/div>\n<\/form>\n<\/div>\n<\/div><\/div><\/div>","protected":false},"excerpt":{"rendered":"Direcci\u00f3n Muntania Outdoors S.L. Direcci\u00f3n: C\/ de las Cruces N\u00ba1-Bloque 2 &#8211; 2\u00baC Urbanizaci\u00f3n Navarejo Ciudad:Navacerrada, Madrid, CP 28491 (+34)","protected":false},"author":1,"featured_media":0,"parent":0,"menu_order":0,"comment_status":"closed","ping_status":"closed","template":"","meta":{"_acf_changed":false,"inline_featured_image":false,"ngg_post_thumbnail":0,"footnotes":""},"class_list":["post-16076","page","type-page","status-publish","hentry"],"acf":[],"yoast_head":"<!-- This site is optimized with the Yoast SEO plugin v26.9 - https:\/\/yoast.com\/product\/yoast-seo-wordpress\/ -->\n<title>Viaje a medida - Exploring Spain, mountain travel agency specialised in hill walking<\/title>\n<meta name=\"robots\" content=\"noindex, follow, max-snippet:-1, max-image-preview:large, max-video-preview:-1\" \/>\n<meta property=\"og:locale\" content=\"es_ES\" \/>\n<meta property=\"og:type\" content=\"article\" \/>\n<meta property=\"og:title\" content=\"Viaje a medida - Exploring Spain, mountain travel agency specialised in hill walking\" \/>\n<meta property=\"og:description\" content=\"Direcci\u00f3n Muntania Outdoors S.L. Direcci\u00f3n: C\/ de las Cruces N\u00ba1-Bloque 2 &#8211; 2\u00baC Urbanizaci\u00f3n Navarejo Ciudad:Navacerrada, Madrid, CP 28491 (+34)\" \/>\n<meta property=\"og:url\" content=\"https:\/\/exploring-spain.com\/es\/viaje-a-medida\/\" \/>\n<meta property=\"og:site_name\" content=\"Exploring Spain, mountain travel agency specialised in hill walking\" \/>\n<meta property=\"article:publisher\" content=\"https:\/\/www.facebook.com\/Muntania\" \/>\n<meta property=\"article:modified_time\" content=\"2025-08-28T14:04:40+00:00\" \/>\n<meta property=\"og:image\" content=\"https:\/\/exploring-spain.com\/wp-content\/uploads\/2023\/03\/logo.png\" \/>\n\t<meta property=\"og:image:width\" content=\"117\" \/>\n\t<meta property=\"og:image:height\" content=\"50\" \/>\n\t<meta property=\"og:image:type\" content=\"image\/png\" \/>\n<meta name=\"twitter:card\" content=\"summary_large_image\" \/>\n<meta name=\"twitter:site\" content=\"@Muntania\" \/>\n<script type=\"application\/ld+json\" class=\"yoast-schema-graph\">{\"@context\":\"https:\/\/schema.org\",\"@graph\":[{\"@type\":\"WebPage\",\"@id\":\"https:\/\/exploring-spain.com\/es\/viaje-a-medida\/\",\"url\":\"https:\/\/exploring-spain.com\/es\/viaje-a-medida\/\",\"name\":\"Viaje a medida - Exploring Spain, mountain travel agency specialised in hill walking\",\"isPartOf\":{\"@id\":\"https:\/\/exploring-spain.com\/es\/#website\"},\"datePublished\":\"2021-01-21T10:39:02+00:00\",\"dateModified\":\"2025-08-28T14:04:40+00:00\",\"breadcrumb\":{\"@id\":\"https:\/\/exploring-spain.com\/es\/viaje-a-medida\/#breadcrumb\"},\"inLanguage\":\"es\",\"potentialAction\":[{\"@type\":\"ReadAction\",\"target\":[\"https:\/\/exploring-spain.com\/es\/viaje-a-medida\/\"]}]},{\"@type\":\"BreadcrumbList\",\"@id\":\"https:\/\/exploring-spain.com\/es\/viaje-a-medida\/#breadcrumb\",\"itemListElement\":[{\"@type\":\"ListItem\",\"position\":1,\"name\":\"Home\",\"item\":\"https:\/\/exploring-spain.com\/es\/\"},{\"@type\":\"ListItem\",\"position\":2,\"name\":\"Viaje a medida\"}]},{\"@type\":\"WebSite\",\"@id\":\"https:\/\/exploring-spain.com\/es\/#website\",\"url\":\"https:\/\/exploring-spain.com\/es\/\",\"name\":\"Exploring Spain, mountain travel agency specialised in hill walking\",\"description\":\"\",\"publisher\":{\"@id\":\"https:\/\/exploring-spain.com\/es\/#organization\"},\"potentialAction\":[{\"@type\":\"SearchAction\",\"target\":{\"@type\":\"EntryPoint\",\"urlTemplate\":\"https:\/\/exploring-spain.com\/es\/?s={search_term_string}\"},\"query-input\":{\"@type\":\"PropertyValueSpecification\",\"valueRequired\":true,\"valueName\":\"search_term_string\"}}],\"inLanguage\":\"es\"},{\"@type\":\"Organization\",\"@id\":\"https:\/\/exploring-spain.com\/es\/#organization\",\"name\":\"Muntania\",\"url\":\"https:\/\/exploring-spain.com\/es\/\",\"logo\":{\"@type\":\"ImageObject\",\"inLanguage\":\"es\",\"@id\":\"https:\/\/exploring-spain.com\/es\/#\/schema\/logo\/image\/\",\"url\":\"https:\/\/exploring-spain.com\/wp-content\/uploads\/2021\/01\/logo.png\",\"contentUrl\":\"https:\/\/exploring-spain.com\/wp-content\/uploads\/2021\/01\/logo.png\",\"width\":175,\"height\":50,\"caption\":\"Muntania\"},\"image\":{\"@id\":\"https:\/\/exploring-spain.com\/es\/#\/schema\/logo\/image\/\"},\"sameAs\":[\"https:\/\/www.facebook.com\/Muntania\",\"https:\/\/x.com\/Muntania\",\"https:\/\/www.instagram.com\/muntania_outdoors\/\",\"https:\/\/www.pinterest.es\/muntania\/\",\"https:\/\/www.youtube.com\/channel\/UCZ3QZ9qCpTklhdqiN7-F2Fw\"]}]}<\/script>\n<!-- \/ Yoast SEO plugin. -->","yoast_head_json":{"title":"Viaje a medida - Exploring Spain, mountain travel agency specialised in hill walking","robots":{"index":"noindex","follow":"follow","max-snippet":"max-snippet:-1","max-image-preview":"max-image-preview:large","max-video-preview":"max-video-preview:-1"},"og_locale":"es_ES","og_type":"article","og_title":"Viaje a medida - Exploring Spain, mountain travel agency specialised in hill walking","og_description":"Direcci\u00f3n Muntania Outdoors S.L. Direcci\u00f3n: C\/ de las Cruces N\u00ba1-Bloque 2 &#8211; 2\u00baC Urbanizaci\u00f3n Navarejo Ciudad:Navacerrada, Madrid, CP 28491 (+34)","og_url":"https:\/\/exploring-spain.com\/es\/viaje-a-medida\/","og_site_name":"Exploring Spain, mountain travel agency specialised in hill walking","article_publisher":"https:\/\/www.facebook.com\/Muntania","article_modified_time":"2025-08-28T14:04:40+00:00","og_image":[{"width":117,"height":50,"url":"https:\/\/exploring-spain.com\/wp-content\/uploads\/2023\/03\/logo.png","type":"image\/png"}],"twitter_card":"summary_large_image","twitter_site":"@Muntania","schema":{"@context":"https:\/\/schema.org","@graph":[{"@type":"WebPage","@id":"https:\/\/exploring-spain.com\/es\/viaje-a-medida\/","url":"https:\/\/exploring-spain.com\/es\/viaje-a-medida\/","name":"Viaje a medida - Exploring Spain, mountain travel agency specialised in hill walking","isPartOf":{"@id":"https:\/\/exploring-spain.com\/es\/#website"},"datePublished":"2021-01-21T10:39:02+00:00","dateModified":"2025-08-28T14:04:40+00:00","breadcrumb":{"@id":"https:\/\/exploring-spain.com\/es\/viaje-a-medida\/#breadcrumb"},"inLanguage":"es","potentialAction":[{"@type":"ReadAction","target":["https:\/\/exploring-spain.com\/es\/viaje-a-medida\/"]}]},{"@type":"BreadcrumbList","@id":"https:\/\/exploring-spain.com\/es\/viaje-a-medida\/#breadcrumb","itemListElement":[{"@type":"ListItem","position":1,"name":"Home","item":"https:\/\/exploring-spain.com\/es\/"},{"@type":"ListItem","position":2,"name":"Viaje a medida"}]},{"@type":"WebSite","@id":"https:\/\/exploring-spain.com\/es\/#website","url":"https:\/\/exploring-spain.com\/es\/","name":"Exploring Spain, mountain travel agency specialised in hill walking","description":"","publisher":{"@id":"https:\/\/exploring-spain.com\/es\/#organization"},"potentialAction":[{"@type":"SearchAction","target":{"@type":"EntryPoint","urlTemplate":"https:\/\/exploring-spain.com\/es\/?s={search_term_string}"},"query-input":{"@type":"PropertyValueSpecification","valueRequired":true,"valueName":"search_term_string"}}],"inLanguage":"es"},{"@type":"Organization","@id":"https:\/\/exploring-spain.com\/es\/#organization","name":"Muntania","url":"https:\/\/exploring-spain.com\/es\/","logo":{"@type":"ImageObject","inLanguage":"es","@id":"https:\/\/exploring-spain.com\/es\/#\/schema\/logo\/image\/","url":"https:\/\/exploring-spain.com\/wp-content\/uploads\/2021\/01\/logo.png","contentUrl":"https:\/\/exploring-spain.com\/wp-content\/uploads\/2021\/01\/logo.png","width":175,"height":50,"caption":"Muntania"},"image":{"@id":"https:\/\/exploring-spain.com\/es\/#\/schema\/logo\/image\/"},"sameAs":["https:\/\/www.facebook.com\/Muntania","https:\/\/x.com\/Muntania","https:\/\/www.instagram.com\/muntania_outdoors\/","https:\/\/www.pinterest.es\/muntania\/","https:\/\/www.youtube.com\/channel\/UCZ3QZ9qCpTklhdqiN7-F2Fw"]}]}},"_links":{"self":[{"href":"https:\/\/exploring-spain.com\/es\/wp-json\/wp\/v2\/pages\/16076","targetHints":{"allow":["GET"]}}],"collection":[{"href":"https:\/\/exploring-spain.com\/es\/wp-json\/wp\/v2\/pages"}],"about":[{"href":"https:\/\/exploring-spain.com\/es\/wp-json\/wp\/v2\/types\/page"}],"author":[{"embeddable":true,"href":"https:\/\/exploring-spain.com\/es\/wp-json\/wp\/v2\/users\/1"}],"replies":[{"embeddable":true,"href":"https:\/\/exploring-spain.com\/es\/wp-json\/wp\/v2\/comments?post=16076"}],"version-history":[{"count":1,"href":"https:\/\/exploring-spain.com\/es\/wp-json\/wp\/v2\/pages\/16076\/revisions"}],"predecessor-version":[{"id":16077,"href":"https:\/\/exploring-spain.com\/es\/wp-json\/wp\/v2\/pages\/16076\/revisions\/16077"}],"wp:attachment":[{"href":"https:\/\/exploring-spain.com\/es\/wp-json\/wp\/v2\/media?parent=16076"}],"curies":[{"name":"wp","href":"https:\/\/api.w.org\/{rel}","templated":true}]}}