{"id":16098,"date":"2021-01-14T10:27:14","date_gmt":"2021-01-14T09:27:14","guid":{"rendered":"https:\/\/exploring-spain.com\/seguro\/"},"modified":"2025-08-28T16:05:09","modified_gmt":"2025-08-28T14:05:09","slug":"seguro","status":"publish","type":"page","link":"https:\/\/exploring-spain.com\/es\/seguro\/","title":{"rendered":"Seguro"},"content":{"rendered":"<p>Todas las actividades en Espa\u00f1a tienen un seguro de accidentes incluido en el precio. Sin embargo, si practicas deportes de monta\u00f1a con regularidad y tambi\u00e9n viajas con frecuencia, <strong>te sugerimos que contrates un seguro de viaje<\/strong>, que adem\u00e1s de cubrir cualquier accidente y rescate, tambi\u00e9n te protege contra muchas otras situaciones. <\/p><p>Si no tienes un seguro de viaje, puedes adquirir uno con nuestra agencia de viajes. Exploring Spain tramita todos los seguros con <strong>Intermundial<\/strong>. El coste de estos seguros es menor si lo compras a trav\u00e9s de Exploring Spain que si lo haces directamente con Intermundial.  <\/p><p><strong>RESIDENTES DE LA UE<\/strong><\/p><p><strong> Ski\/aventure plus<\/strong><\/p><p>Es un <strong>seguro de viaje<\/strong> y tambi\u00e9n <strong>cubre la pr\u00e1ctica de muchos deportes y actividades<\/strong>. Puedes contratarlo por la duraci\u00f3n del viaje o para todo el a\u00f1o, pudiendo elegir la fecha de inicio. Si contratas el seguro por un a\u00f1o, no solo ser\u00e1 v\u00e1lido para el viaje con Exploring Spain, sino que tambi\u00e9n ser\u00e1 v\u00e1lido para cualquier otro viaje o actividad que realices durante ese a\u00f1o.  <\/p><p><strong>Ski\/aventure plus con cancelaci\u00f3n<\/strong><\/p><p>Tiene la misma cobertura que el seguro anterior, pero tambi\u00e9n estar\u00e1s cubierto en caso de cancelaci\u00f3n del viaje y los billetes en caso de fuerza mayor (enfermedad, lesi\u00f3n&#8230;) para ti y\/o un familiar.<\/p><p>El seguro de viaje con cancelaci\u00f3n que ofrecemos, permite un reembolso de los gastos ya pagados de hasta 1.000 \u20ac. Si el coste del viaje y los vuelos es mayor, puedes ampliar la cantidad cubierta (bajo petici\u00f3n). <\/p><p><strong>Multi-asistencia Plus con o sin Cancelaci\u00f3n<\/strong><\/p><p>Tanto Multi-asistencia Plus con o sin Cancelaci\u00f3n son <strong>seguros de viaje con mejor cobertura<\/strong> que el Ski\/Adventure Plus con o sin cancelaci\u00f3n, pero <strong>no cubren la pr\u00e1ctica de deportes.<\/strong><\/p><p>Este seguro puede ser de tu inter\u00e9s si ya tienes un seguro de accidentes y rescate que cubre la actividad que vas a realizar en el viaje, pero no tienes un seguro de viaje. Tambi\u00e9n puede ser \u00fatil si est\u00e1s interesado en un viaje sin practicar ning\u00fan deporte. <\/p><p><strong>NO RESIDENTES DE LA UE<\/strong><\/p><p><strong>Incoming cancelation plus<\/strong><\/p><p>Este seguro cubre los costes del viaje y los billetes si tienes que cancelar el viaje antes de la salida por diferentes razones, como por ejemplo una enfermedad (ver condiciones del seguro).<\/p><p>Este seguro puede ser \u00fatil si ya tienes un seguro de viaje pero no cubre la cancelaci\u00f3n del viaje o si ya tienes un seguro que cubre deportes y actividades.<\/p><p><strong>Incoming Ski\/aventure plus con cancelaci\u00f3n<\/strong><\/p><p>Es un <strong>seguro de viaje<\/strong> y tambi\u00e9n <strong>cubre la pr\u00e1ctica de muchos deportes y actividades<\/strong>. Tambi\u00e9n estar\u00e1s cubierto en caso de cancelaci\u00f3n del viaje y los billetes en caso de fuerza mayor (enfermedad, lesi\u00f3n&#8230;) para ti y\/o un familiar. Puedes contratarlo por la duraci\u00f3n del viaje o para todo el a\u00f1o, pudiendo elegir la fecha de inicio. Si contratas el seguro por un a\u00f1o, no solo ser\u00e1 v\u00e1lido para el viaje con Exploring Spain, sino que tambi\u00e9n ser\u00e1 v\u00e1lido para cualquier otro viaje o actividad que realices durante ese a\u00f1o.   <\/p><p>El seguro de viaje con cancelaci\u00f3n que ofrecemos, permite un reembolso de los gastos ya pagados de hasta 2.000 \u20ac. Si el coste del viaje y los vuelos es mayor, puedes ampliar la cantidad cubierta (bajo petici\u00f3n). <\/p><p>*Consulta los precios y las condiciones de los seguros de Intermundial con Exploring Spain siguiendo este enlace: <a href=\"https:\/\/exploring-spain.com\/es\/seguro\/\">https:\/\/exploring-spain.com\/insurances<\/a><\/p><p>Seguro de accidentes y rescate incluido<\/p><p>** Seguro de accidentes y rescate incluido. N\u00ba POLIZA J-2421 Muntania Outdoors. N\u00famero de tel\u00e9fono de asistencia 24h +34 93 366 95 81 (es el n\u00famero de contacto de la compa\u00f1\u00eda de seguros AXA).  <\/p><p>*** Es responsabilidad del cliente informar a la compa\u00f1\u00eda de seguros sobre el accidente lo antes posible. Antes de la salida para el viaje, te enviaremos un correo electr\u00f3nico con el n\u00famero de p\u00f3liza de seguro y el n\u00famero de asistencia para que puedas tenerlo durante el viaje. <\/p><p>**** Dependiendo de d\u00f3nde ocurra el accidente, el cliente tendr\u00e1 que pagar por adelantado si la compa\u00f1\u00eda de seguros lo indica, siendo el pago reembolsado por la compa\u00f1\u00eda de seguros dentro de los l\u00edmites de la p\u00f3liza. En cualquier caso, Exploring Spain \u2013 Muntania Outdoors S.L. es responsable de cualquier pago anticipado requerido para el rescate o la asistencia. <\/p><p>Puedes leer m\u00e1s informaci\u00f3n para cada seguro aqu\u00ed:<\/p><ul class=\"wp-block-list\"><li><a href=\"https:\/\/exploring-spain.com\/documentacion\/seguros\/1-Ski_Aventura-Resumen.pdf\" target=\"_blank\" rel=\"noreferrer noopener\">Seguro Ski\/Aventura plus<\/a><\/li>\n\n<li><a href=\"https:\/\/exploring-spain.com\/documentacion\/seguros\/2-Ski_Aventura+Anulacion-Resumen.pdf\" target=\"_blank\" rel=\"noreferrer noopener\">Seguro Ski\/Aventura Plus con Anulaci\u00f3n<\/a><\/li>\n\n<li><a href=\"https:\/\/exploring-spain.com\/documentacion\/seguros\/3-Anulacion%20Plus-Resumen.pdf\" target=\"_blank\" rel=\"noreferrer noopener\">Anulaci\u00f3n plus<\/a><\/li>\n\n<li><a href=\"https:\/\/exploring-spain.com\/documentacion\/seguros\/4-Multiasistencia%20Plus-Resumen.pdf\" target=\"_blank\" rel=\"noreferrer noopener\">Multiasistencia Plus sin Anulaci\u00f3n<\/a><\/li>\n\n<li><a href=\"https:\/\/exploring-spain.com\/documentacion\/seguros\/5-Multiasistencia%20Plus+Anulacion-Resumen.pdf\" target=\"_blank\" rel=\"noreferrer noopener\">Multiasistencia Plus con Anulaci\u00f3n<\/a><\/li>\n\n<li><a href=\"https:\/\/exploring-spain.com\/documentacion\/seguros\/6-Comparativa_Seguros_2020.pdf\" target=\"_blank\" rel=\"noreferrer noopener\">Comparativa de seguros<\/a><\/li><\/ul>","protected":false},"excerpt":{"rendered":"Todas las actividades en Espa\u00f1a tienen un seguro de accidentes incluido en el precio. Sin embargo, si practicas deportes de","protected":false},"author":1,"featured_media":16099,"parent":0,"menu_order":0,"comment_status":"closed","ping_status":"closed","template":"","meta":{"_acf_changed":false,"inline_featured_image":false,"ngg_post_thumbnail":0,"footnotes":""},"class_list":["post-16098","page","type-page","status-publish","has-post-thumbnail","hentry"],"acf":[],"yoast_head":"<!-- This site is optimized with the Yoast SEO plugin v26.9 - https:\/\/yoast.com\/product\/yoast-seo-wordpress\/ -->\n<title>Seguro - Exploring Spain, mountain travel agency specialised in hill walking<\/title>\n<meta name=\"robots\" content=\"noindex, follow, max-snippet:-1, max-image-preview:large, max-video-preview:-1\" \/>\n<meta property=\"og:locale\" content=\"es_ES\" \/>\n<meta property=\"og:type\" content=\"article\" \/>\n<meta property=\"og:title\" content=\"Seguro - Exploring Spain, mountain travel agency specialised in hill walking\" \/>\n<meta property=\"og:description\" content=\"Todas las actividades en Espa\u00f1a tienen un seguro de accidentes incluido en el precio. Sin embargo, si practicas deportes de\" \/>\n<meta property=\"og:url\" content=\"https:\/\/exploring-spain.com\/es\/seguro\/\" \/>\n<meta property=\"og:site_name\" content=\"Exploring Spain, mountain travel agency specialised in hill walking\" \/>\n<meta property=\"article:publisher\" content=\"https:\/\/www.facebook.com\/Muntania\" \/>\n<meta property=\"article:modified_time\" content=\"2025-08-28T14:05:09+00:00\" \/>\n<meta property=\"og:image\" content=\"https:\/\/exploring-spain.com\/wp-content\/uploads\/2021\/01\/2.jpg\" \/>\n\t<meta property=\"og:image:width\" content=\"1920\" \/>\n\t<meta property=\"og:image:height\" content=\"1440\" \/>\n\t<meta property=\"og:image:type\" content=\"image\/jpeg\" \/>\n<meta name=\"twitter:card\" content=\"summary_large_image\" \/>\n<meta name=\"twitter:site\" content=\"@Muntania\" \/>\n<script type=\"application\/ld+json\" class=\"yoast-schema-graph\">{\"@context\":\"https:\/\/schema.org\",\"@graph\":[{\"@type\":\"WebPage\",\"@id\":\"https:\/\/exploring-spain.com\/es\/seguro\/\",\"url\":\"https:\/\/exploring-spain.com\/es\/seguro\/\",\"name\":\"Seguro - Exploring Spain, mountain travel agency specialised in hill walking\",\"isPartOf\":{\"@id\":\"https:\/\/exploring-spain.com\/es\/#website\"},\"primaryImageOfPage\":{\"@id\":\"https:\/\/exploring-spain.com\/es\/seguro\/#primaryimage\"},\"image\":{\"@id\":\"https:\/\/exploring-spain.com\/es\/seguro\/#primaryimage\"},\"thumbnailUrl\":\"https:\/\/exploring-spain.com\/wp-content\/uploads\/2021\/01\/2.jpg\",\"datePublished\":\"2021-01-14T09:27:14+00:00\",\"dateModified\":\"2025-08-28T14:05:09+00:00\",\"breadcrumb\":{\"@id\":\"https:\/\/exploring-spain.com\/es\/seguro\/#breadcrumb\"},\"inLanguage\":\"es\",\"potentialAction\":[{\"@type\":\"ReadAction\",\"target\":[\"https:\/\/exploring-spain.com\/es\/seguro\/\"]}]},{\"@type\":\"ImageObject\",\"inLanguage\":\"es\",\"@id\":\"https:\/\/exploring-spain.com\/es\/seguro\/#primaryimage\",\"url\":\"https:\/\/exploring-spain.com\/wp-content\/uploads\/2021\/01\/2.jpg\",\"contentUrl\":\"https:\/\/exploring-spain.com\/wp-content\/uploads\/2021\/01\/2.jpg\",\"width\":1920,\"height\":1440},{\"@type\":\"BreadcrumbList\",\"@id\":\"https:\/\/exploring-spain.com\/es\/seguro\/#breadcrumb\",\"itemListElement\":[{\"@type\":\"ListItem\",\"position\":1,\"name\":\"Home\",\"item\":\"https:\/\/exploring-spain.com\/es\/\"},{\"@type\":\"ListItem\",\"position\":2,\"name\":\"Seguro\"}]},{\"@type\":\"WebSite\",\"@id\":\"https:\/\/exploring-spain.com\/es\/#website\",\"url\":\"https:\/\/exploring-spain.com\/es\/\",\"name\":\"Exploring Spain, mountain travel agency specialised in hill walking\",\"description\":\"\",\"publisher\":{\"@id\":\"https:\/\/exploring-spain.com\/es\/#organization\"},\"potentialAction\":[{\"@type\":\"SearchAction\",\"target\":{\"@type\":\"EntryPoint\",\"urlTemplate\":\"https:\/\/exploring-spain.com\/es\/?s={search_term_string}\"},\"query-input\":{\"@type\":\"PropertyValueSpecification\",\"valueRequired\":true,\"valueName\":\"search_term_string\"}}],\"inLanguage\":\"es\"},{\"@type\":\"Organization\",\"@id\":\"https:\/\/exploring-spain.com\/es\/#organization\",\"name\":\"Muntania\",\"url\":\"https:\/\/exploring-spain.com\/es\/\",\"logo\":{\"@type\":\"ImageObject\",\"inLanguage\":\"es\",\"@id\":\"https:\/\/exploring-spain.com\/es\/#\/schema\/logo\/image\/\",\"url\":\"https:\/\/exploring-spain.com\/wp-content\/uploads\/2021\/01\/logo.png\",\"contentUrl\":\"https:\/\/exploring-spain.com\/wp-content\/uploads\/2021\/01\/logo.png\",\"width\":175,\"height\":50,\"caption\":\"Muntania\"},\"image\":{\"@id\":\"https:\/\/exploring-spain.com\/es\/#\/schema\/logo\/image\/\"},\"sameAs\":[\"https:\/\/www.facebook.com\/Muntania\",\"https:\/\/x.com\/Muntania\",\"https:\/\/www.instagram.com\/muntania_outdoors\/\",\"https:\/\/www.pinterest.es\/muntania\/\",\"https:\/\/www.youtube.com\/channel\/UCZ3QZ9qCpTklhdqiN7-F2Fw\"]}]}<\/script>\n<!-- \/ Yoast SEO plugin. -->","yoast_head_json":{"title":"Seguro - Exploring Spain, mountain travel agency specialised in hill walking","robots":{"index":"noindex","follow":"follow","max-snippet":"max-snippet:-1","max-image-preview":"max-image-preview:large","max-video-preview":"max-video-preview:-1"},"og_locale":"es_ES","og_type":"article","og_title":"Seguro - Exploring Spain, mountain travel agency specialised in hill walking","og_description":"Todas las actividades en Espa\u00f1a tienen un seguro de accidentes incluido en el precio. Sin embargo, si practicas deportes de","og_url":"https:\/\/exploring-spain.com\/es\/seguro\/","og_site_name":"Exploring Spain, mountain travel agency specialised in hill walking","article_publisher":"https:\/\/www.facebook.com\/Muntania","article_modified_time":"2025-08-28T14:05:09+00:00","og_image":[{"width":1920,"height":1440,"url":"https:\/\/exploring-spain.com\/wp-content\/uploads\/2021\/01\/2.jpg","type":"image\/jpeg"}],"twitter_card":"summary_large_image","twitter_site":"@Muntania","schema":{"@context":"https:\/\/schema.org","@graph":[{"@type":"WebPage","@id":"https:\/\/exploring-spain.com\/es\/seguro\/","url":"https:\/\/exploring-spain.com\/es\/seguro\/","name":"Seguro - Exploring Spain, mountain travel agency specialised in hill walking","isPartOf":{"@id":"https:\/\/exploring-spain.com\/es\/#website"},"primaryImageOfPage":{"@id":"https:\/\/exploring-spain.com\/es\/seguro\/#primaryimage"},"image":{"@id":"https:\/\/exploring-spain.com\/es\/seguro\/#primaryimage"},"thumbnailUrl":"https:\/\/exploring-spain.com\/wp-content\/uploads\/2021\/01\/2.jpg","datePublished":"2021-01-14T09:27:14+00:00","dateModified":"2025-08-28T14:05:09+00:00","breadcrumb":{"@id":"https:\/\/exploring-spain.com\/es\/seguro\/#breadcrumb"},"inLanguage":"es","potentialAction":[{"@type":"ReadAction","target":["https:\/\/exploring-spain.com\/es\/seguro\/"]}]},{"@type":"ImageObject","inLanguage":"es","@id":"https:\/\/exploring-spain.com\/es\/seguro\/#primaryimage","url":"https:\/\/exploring-spain.com\/wp-content\/uploads\/2021\/01\/2.jpg","contentUrl":"https:\/\/exploring-spain.com\/wp-content\/uploads\/2021\/01\/2.jpg","width":1920,"height":1440},{"@type":"BreadcrumbList","@id":"https:\/\/exploring-spain.com\/es\/seguro\/#breadcrumb","itemListElement":[{"@type":"ListItem","position":1,"name":"Home","item":"https:\/\/exploring-spain.com\/es\/"},{"@type":"ListItem","position":2,"name":"Seguro"}]},{"@type":"WebSite","@id":"https:\/\/exploring-spain.com\/es\/#website","url":"https:\/\/exploring-spain.com\/es\/","name":"Exploring Spain, mountain travel agency specialised in hill walking","description":"","publisher":{"@id":"https:\/\/exploring-spain.com\/es\/#organization"},"potentialAction":[{"@type":"SearchAction","target":{"@type":"EntryPoint","urlTemplate":"https:\/\/exploring-spain.com\/es\/?s={search_term_string}"},"query-input":{"@type":"PropertyValueSpecification","valueRequired":true,"valueName":"search_term_string"}}],"inLanguage":"es"},{"@type":"Organization","@id":"https:\/\/exploring-spain.com\/es\/#organization","name":"Muntania","url":"https:\/\/exploring-spain.com\/es\/","logo":{"@type":"ImageObject","inLanguage":"es","@id":"https:\/\/exploring-spain.com\/es\/#\/schema\/logo\/image\/","url":"https:\/\/exploring-spain.com\/wp-content\/uploads\/2021\/01\/logo.png","contentUrl":"https:\/\/exploring-spain.com\/wp-content\/uploads\/2021\/01\/logo.png","width":175,"height":50,"caption":"Muntania"},"image":{"@id":"https:\/\/exploring-spain.com\/es\/#\/schema\/logo\/image\/"},"sameAs":["https:\/\/www.facebook.com\/Muntania","https:\/\/x.com\/Muntania","https:\/\/www.instagram.com\/muntania_outdoors\/","https:\/\/www.pinterest.es\/muntania\/","https:\/\/www.youtube.com\/channel\/UCZ3QZ9qCpTklhdqiN7-F2Fw"]}]}},"_links":{"self":[{"href":"https:\/\/exploring-spain.com\/es\/wp-json\/wp\/v2\/pages\/16098","targetHints":{"allow":["GET"]}}],"collection":[{"href":"https:\/\/exploring-spain.com\/es\/wp-json\/wp\/v2\/pages"}],"about":[{"href":"https:\/\/exploring-spain.com\/es\/wp-json\/wp\/v2\/types\/page"}],"author":[{"embeddable":true,"href":"https:\/\/exploring-spain.com\/es\/wp-json\/wp\/v2\/users\/1"}],"replies":[{"embeddable":true,"href":"https:\/\/exploring-spain.com\/es\/wp-json\/wp\/v2\/comments?post=16098"}],"version-history":[{"count":1,"href":"https:\/\/exploring-spain.com\/es\/wp-json\/wp\/v2\/pages\/16098\/revisions"}],"predecessor-version":[{"id":16104,"href":"https:\/\/exploring-spain.com\/es\/wp-json\/wp\/v2\/pages\/16098\/revisions\/16104"}],"wp:featuredmedia":[{"embeddable":true,"href":"https:\/\/exploring-spain.com\/es\/wp-json\/wp\/v2\/media\/16099"}],"wp:attachment":[{"href":"https:\/\/exploring-spain.com\/es\/wp-json\/wp\/v2\/media?parent=16098"}],"curies":[{"name":"wp","href":"https:\/\/api.w.org\/{rel}","templated":true}]}}