{"id":16105,"date":"2021-01-21T11:40:39","date_gmt":"2021-01-21T10:40:39","guid":{"rendered":"https:\/\/exploring-spain.com\/sobre-nosotros\/"},"modified":"2025-08-28T16:05:09","modified_gmt":"2025-08-28T14:05:09","slug":"sobre-nosotros","status":"publish","type":"page","link":"https:\/\/exploring-spain.com\/es\/sobre-nosotros\/","title":{"rendered":"Sobre nosotros"},"content":{"rendered":"<h2 class=\"has-text-align-center wp-block-heading\">Actividades<\/h2><p>Exploring Spain forma parte de la agencia de viajes Muntania Outdoors S.L., (CICMA 2608) especializada en viajes de aventura y actividades de naturaleza y monta\u00f1a.<\/p><p>Muntania comenz\u00f3 su andadura en 2011 y, desde entonces, ha logrado posicionarse en m\u00e1s de 30 pa\u00edses de todo el mundo, adem\u00e1s de contar con el apoyo de patrocinadores de renombre.<\/p><p>Exploring Spain centra todas sus actividades en Espa\u00f1a, donde se encuentra su oficina principal, de ah\u00ed el saber hacer, la experiencia y el conocimiento local del equipo de Muntania, necesarios para crear un viaje excepcional para descubrir los lugares m\u00e1s especiales. Ofrecemos una forma diferente de conocer Espa\u00f1a con una gran variedad de viajes en los que combinamos la naturaleza y las actividades al aire libre con el placer de saborear la mejor gastronom\u00eda y la riqueza cultural. Ofrecemos un servicio multiling\u00fce y una atenci\u00f3n personalizada para que nuestros clientes se lleven la mejor de las impresiones.  <\/p><p>Actividades:<\/p><ul class=\"wp-block-list\"><li><strong>Muntania Trek<\/strong>: Excursiones y vacaciones a pie por toda Espa\u00f1a con diferentes niveles de dificultad y duraci\u00f3n.<\/li>\n\n<li><strong>Muntania Ski<\/strong>: Ofrecemos viajes de esqu\u00ed en todas sus modalidades: esqu\u00ed de traves\u00eda, esqu\u00ed de fondo, esqu\u00ed de monta\u00f1a y freeride para todos los niveles. Siempre trabajamos con grupos peque\u00f1os y con un gu\u00eda de alta monta\u00f1a cualificado. <\/li>\n\n<li><strong>Muntania Climb<\/strong>: Una forma perfecta de descubrir Espa\u00f1a y sus monta\u00f1as practicando escalada en cualquiera de sus modalidades: escalada en roca, escalada en hielo, alpinismo o v\u00edas ferratas. No importa el nivel f\u00edsico y t\u00e9cnico que tengas ni el n\u00famero de d\u00edas de que dispongas. Ofrecemos excursiones guiadas o autoguiadas, donde gestionaremos el alojamiento, los traslados y la informaci\u00f3n sobre las rutas de escalada, para aquellos que prefieran ir por su cuenta. Tambi\u00e9n ofrecemos la experiencia \u00fanica de pasar una noche en un portaledge a cien metros del suelo despu\u00e9s de escalar las impresionantes paredes de los Mallos de Riglos, en Huesca.   <\/li>\n\n<li><strong>Muntania Bike<\/strong>: Rutas ciclistas con diferentes niveles de dificultad y duraci\u00f3n, para conocer los destinos en bicicleta y con tus amigos o familiares.<\/li>\n\n<li><strong>Muntania Water<\/strong>: Ofrecemos viajes de aventura para disfrutar de actividades acu\u00e1ticas como el barranquismo, el kayak o el rafting por todo el pa\u00eds. Otra actividad acu\u00e1tica interesante es el descenso de r\u00edos con Packraft, una peque\u00f1a y ligera embarcaci\u00f3n de traves\u00eda, pensada para viajar y combinar con otras actividades de naturaleza.<\/li>\n\n<li><strong>Muntania Run:<\/strong> Organizamos viajes de Trail Running donde, adem\u00e1s de correr por monta\u00f1as preciosas, es posible intercambiar experiencias con otros participantes y aprender de profesionales del sector.<\/li>\n\n<li><strong>Muntania Courses:<\/strong> Dise\u00f1amos el curso de acuerdo con la experiencia y las necesidades de cada cliente. Ofrecemos cursos de esqu\u00ed de traves\u00eda, esqu\u00ed de fondo, escalada y alpinismo en todas las cordilleras espa\u00f1olas. <\/li><\/ul><hr class=\"wp-block-separator has-text-color has-white-color has-alpha-channel-opacity has-white-background-color has-background is-style-wide\"\/><h2 class=\"has-text-align-center wp-block-heading\">\u00bfQu\u00e9 nos diferencia?<\/h2><div class=\"wp-block-columns is-layout-flex wp-container-core-columns-is-layout-9d6595d7 wp-block-columns-is-layout-flex\"><div class=\"wp-block-column is-layout-flow wp-block-column-is-layout-flow\"><ul class=\"wp-block-list\"><li> T\u00fa eres nuestra prioridad<\/li>\n\n<li> Viajes a medida<\/li>\n\n<li> Destinos \u00fanicos<\/li>\n\n<li> Grupos peque\u00f1os<\/li><\/ul><\/div>\n\n<div class=\"wp-block-column is-layout-flow wp-block-column-is-layout-flow\"><ul class=\"wp-block-list\"><li> Atenci\u00f3n personalizada<\/li>\n\n<li> Nuestros gu\u00edas<\/li>\n\n<li> Planificaci\u00f3n de las actividades<\/li>\n\n<li> Informaci\u00f3n actualizada<\/li><\/ul><\/div><\/div><hr class=\"wp-block-separator has-text-color has-white-color has-alpha-channel-opacity has-white-background-color has-background is-style-wide\"\/><h2 class=\"has-text-align-center wp-block-heading\">Te invitamos a preinscribirte en el viaje que te interese<\/h2><p>No tiene ning\u00fan coste y no es necesario estar registrado en el sitio web. Solo tienes que rellenar el formulario de reserva. Puedes consultar las Condiciones Generales de Uso del sitio web de Muntania Outdoors S.L y la Pol\u00edtica de privacidad de Muntania Outdoors S.L haciendo <a href=\"https:\/\/exploring-spain.com\/contacto\">clic aqu\u00ed<\/a>.  <\/p><p>Una vez que te hayas suscrito a un viaje, Muntania se pondr\u00e1 en contacto contigo para notificarte las \u00faltimas novedades al respecto e informarte de cu\u00e1ndo y c\u00f3mo debes proceder para confirmar la reserva. Puedes consultar las Condiciones Generales de Muntania Outdoors S.L haciendo <a href=\"https:\/\/exploring-spain.com\/contacto\">clic aqu\u00ed<\/a>. <\/p><p>Aunque durante el viaje el gu\u00eda siempre estar\u00e1 dispuesto a ayudar a mejorar tu t\u00e9cnica, si crees que podr\u00eda convertirse en una barrera para disfrutar en la monta\u00f1a, Muntania organiza cursos espec\u00edficos de iniciaci\u00f3n y perfeccionamiento. En estos cursos los grupos son m\u00e1s peque\u00f1os o incluso individualizados, con el fin de garantizar una mejor atenci\u00f3n por parte del instructor y un mayor beneficio para los participantes. <\/p><p>En Muntania queremos atender cualquier petici\u00f3n que puedas hacernos en cuanto a fechas, destinos o actividades, as\u00ed que si no encuentras el viaje que buscas, por favor, contacta con nosotros haciendo <a href=\"https:\/\/exploring-spain.com\/contacto\">clic aqu\u00ed<\/a>.<\/p><hr class=\"wp-block-separator has-text-color has-white-color has-alpha-channel-opacity has-white-background-color has-background is-style-wide\"\/><h2 class=\"has-text-align-center wp-block-heading\">El equipo<\/h2><p>Nuestro equipo est\u00e1 compuesto por personas con un denominador com\u00fan: el amor por las monta\u00f1as. Hemos hecho de esta pasi\u00f3n nuestra profesi\u00f3n. <\/p><p>Nuestra profesionalidad y experiencia aportan un valor seguro para todos aquellos que quieren acercarse a la monta\u00f1a, y nuestra pasi\u00f3n es la garant\u00eda de que disfrutar\u00e1n haci\u00e9ndolo.<\/p><p><\/p><hr class=\"wp-block-separator has-text-color has-white-color has-alpha-channel-opacity has-white-background-color has-background is-style-wide\"\/><div style=\"height:35px\" aria-hidden=\"true\" class=\"wp-block-spacer\"><\/div>","protected":false},"excerpt":{"rendered":"Actividades Exploring Spain forma parte de la agencia de viajes Muntania Outdoors S.L., (CICMA 2608) especializada en viajes de aventura","protected":false},"author":1,"featured_media":0,"parent":0,"menu_order":0,"comment_status":"closed","ping_status":"closed","template":"templates\/nosotros.php","meta":{"_acf_changed":false,"inline_featured_image":false,"ngg_post_thumbnail":0,"footnotes":""},"class_list":["post-16105","page","type-page","status-publish","hentry"],"acf":[],"yoast_head":"<!-- This site is optimized with the Yoast SEO plugin v26.9 - https:\/\/yoast.com\/product\/yoast-seo-wordpress\/ -->\n<title>Profesionales apasionados por el mundo de la monta\u00f1a | muntania<\/title>\n<meta name=\"description\" content=\"El equipo humano de Muntania est\u00e1 formado por personas con un denominador com\u00fan: el amor por la monta\u00f1a. Profesionalidad y experiencia.\" \/>\n<meta name=\"robots\" content=\"noindex, follow, max-snippet:-1, max-image-preview:large, max-video-preview:-1\" \/>\n<meta property=\"og:locale\" content=\"es_ES\" \/>\n<meta property=\"og:type\" content=\"article\" \/>\n<meta property=\"og:title\" content=\"Profesionales apasionados por el mundo de la monta\u00f1a | muntania\" \/>\n<meta property=\"og:description\" content=\"El equipo humano de Muntania est\u00e1 formado por personas con un denominador com\u00fan: el amor por la monta\u00f1a. Profesionalidad y experiencia.\" \/>\n<meta property=\"og:url\" content=\"https:\/\/exploring-spain.com\/es\/sobre-nosotros\/\" \/>\n<meta property=\"og:site_name\" content=\"Exploring Spain, mountain travel agency specialised in hill walking\" \/>\n<meta property=\"article:publisher\" content=\"https:\/\/www.facebook.com\/Muntania\" \/>\n<meta property=\"article:modified_time\" content=\"2025-08-28T14:05:09+00:00\" \/>\n<meta property=\"og:image\" content=\"https:\/\/exploring-spain.com\/wp-content\/uploads\/2023\/03\/logo.png\" \/>\n\t<meta property=\"og:image:width\" content=\"117\" \/>\n\t<meta property=\"og:image:height\" content=\"50\" \/>\n\t<meta property=\"og:image:type\" content=\"image\/png\" \/>\n<meta name=\"twitter:card\" content=\"summary_large_image\" \/>\n<meta name=\"twitter:site\" content=\"@Muntania\" \/>\n<script type=\"application\/ld+json\" class=\"yoast-schema-graph\">{\"@context\":\"https:\/\/schema.org\",\"@graph\":[{\"@type\":\"WebPage\",\"@id\":\"https:\/\/exploring-spain.com\/es\/sobre-nosotros\/\",\"url\":\"https:\/\/exploring-spain.com\/es\/sobre-nosotros\/\",\"name\":\"Profesionales apasionados por el mundo de la monta\u00f1a | muntania\",\"isPartOf\":{\"@id\":\"https:\/\/exploring-spain.com\/es\/#website\"},\"datePublished\":\"2021-01-21T10:40:39+00:00\",\"dateModified\":\"2025-08-28T14:05:09+00:00\",\"description\":\"El equipo humano de Muntania est\u00e1 formado por personas con un denominador com\u00fan: el amor por la monta\u00f1a. Profesionalidad y experiencia.\",\"breadcrumb\":{\"@id\":\"https:\/\/exploring-spain.com\/es\/sobre-nosotros\/#breadcrumb\"},\"inLanguage\":\"es\",\"potentialAction\":[{\"@type\":\"ReadAction\",\"target\":[\"https:\/\/exploring-spain.com\/es\/sobre-nosotros\/\"]}]},{\"@type\":\"BreadcrumbList\",\"@id\":\"https:\/\/exploring-spain.com\/es\/sobre-nosotros\/#breadcrumb\",\"itemListElement\":[{\"@type\":\"ListItem\",\"position\":1,\"name\":\"Home\",\"item\":\"https:\/\/exploring-spain.com\/es\/\"},{\"@type\":\"ListItem\",\"position\":2,\"name\":\"Sobre nosotros\"}]},{\"@type\":\"WebSite\",\"@id\":\"https:\/\/exploring-spain.com\/es\/#website\",\"url\":\"https:\/\/exploring-spain.com\/es\/\",\"name\":\"Exploring Spain, mountain travel agency specialised in hill walking\",\"description\":\"\",\"publisher\":{\"@id\":\"https:\/\/exploring-spain.com\/es\/#organization\"},\"potentialAction\":[{\"@type\":\"SearchAction\",\"target\":{\"@type\":\"EntryPoint\",\"urlTemplate\":\"https:\/\/exploring-spain.com\/es\/?s={search_term_string}\"},\"query-input\":{\"@type\":\"PropertyValueSpecification\",\"valueRequired\":true,\"valueName\":\"search_term_string\"}}],\"inLanguage\":\"es\"},{\"@type\":\"Organization\",\"@id\":\"https:\/\/exploring-spain.com\/es\/#organization\",\"name\":\"Muntania\",\"url\":\"https:\/\/exploring-spain.com\/es\/\",\"logo\":{\"@type\":\"ImageObject\",\"inLanguage\":\"es\",\"@id\":\"https:\/\/exploring-spain.com\/es\/#\/schema\/logo\/image\/\",\"url\":\"https:\/\/exploring-spain.com\/wp-content\/uploads\/2021\/01\/logo.png\",\"contentUrl\":\"https:\/\/exploring-spain.com\/wp-content\/uploads\/2021\/01\/logo.png\",\"width\":175,\"height\":50,\"caption\":\"Muntania\"},\"image\":{\"@id\":\"https:\/\/exploring-spain.com\/es\/#\/schema\/logo\/image\/\"},\"sameAs\":[\"https:\/\/www.facebook.com\/Muntania\",\"https:\/\/x.com\/Muntania\",\"https:\/\/www.instagram.com\/muntania_outdoors\/\",\"https:\/\/www.pinterest.es\/muntania\/\",\"https:\/\/www.youtube.com\/channel\/UCZ3QZ9qCpTklhdqiN7-F2Fw\"]}]}<\/script>\n<!-- \/ Yoast SEO plugin. -->","yoast_head_json":{"title":"Profesionales apasionados por el mundo de la monta\u00f1a | muntania","description":"El equipo humano de Muntania est\u00e1 formado por personas con un denominador com\u00fan: el amor por la monta\u00f1a. Profesionalidad y experiencia.","robots":{"index":"noindex","follow":"follow","max-snippet":"max-snippet:-1","max-image-preview":"max-image-preview:large","max-video-preview":"max-video-preview:-1"},"og_locale":"es_ES","og_type":"article","og_title":"Profesionales apasionados por el mundo de la monta\u00f1a | muntania","og_description":"El equipo humano de Muntania est\u00e1 formado por personas con un denominador com\u00fan: el amor por la monta\u00f1a. Profesionalidad y experiencia.","og_url":"https:\/\/exploring-spain.com\/es\/sobre-nosotros\/","og_site_name":"Exploring Spain, mountain travel agency specialised in hill walking","article_publisher":"https:\/\/www.facebook.com\/Muntania","article_modified_time":"2025-08-28T14:05:09+00:00","og_image":[{"width":117,"height":50,"url":"https:\/\/exploring-spain.com\/wp-content\/uploads\/2023\/03\/logo.png","type":"image\/png"}],"twitter_card":"summary_large_image","twitter_site":"@Muntania","schema":{"@context":"https:\/\/schema.org","@graph":[{"@type":"WebPage","@id":"https:\/\/exploring-spain.com\/es\/sobre-nosotros\/","url":"https:\/\/exploring-spain.com\/es\/sobre-nosotros\/","name":"Profesionales apasionados por el mundo de la monta\u00f1a | muntania","isPartOf":{"@id":"https:\/\/exploring-spain.com\/es\/#website"},"datePublished":"2021-01-21T10:40:39+00:00","dateModified":"2025-08-28T14:05:09+00:00","description":"El equipo humano de Muntania est\u00e1 formado por personas con un denominador com\u00fan: el amor por la monta\u00f1a. Profesionalidad y experiencia.","breadcrumb":{"@id":"https:\/\/exploring-spain.com\/es\/sobre-nosotros\/#breadcrumb"},"inLanguage":"es","potentialAction":[{"@type":"ReadAction","target":["https:\/\/exploring-spain.com\/es\/sobre-nosotros\/"]}]},{"@type":"BreadcrumbList","@id":"https:\/\/exploring-spain.com\/es\/sobre-nosotros\/#breadcrumb","itemListElement":[{"@type":"ListItem","position":1,"name":"Home","item":"https:\/\/exploring-spain.com\/es\/"},{"@type":"ListItem","position":2,"name":"Sobre nosotros"}]},{"@type":"WebSite","@id":"https:\/\/exploring-spain.com\/es\/#website","url":"https:\/\/exploring-spain.com\/es\/","name":"Exploring Spain, mountain travel agency specialised in hill walking","description":"","publisher":{"@id":"https:\/\/exploring-spain.com\/es\/#organization"},"potentialAction":[{"@type":"SearchAction","target":{"@type":"EntryPoint","urlTemplate":"https:\/\/exploring-spain.com\/es\/?s={search_term_string}"},"query-input":{"@type":"PropertyValueSpecification","valueRequired":true,"valueName":"search_term_string"}}],"inLanguage":"es"},{"@type":"Organization","@id":"https:\/\/exploring-spain.com\/es\/#organization","name":"Muntania","url":"https:\/\/exploring-spain.com\/es\/","logo":{"@type":"ImageObject","inLanguage":"es","@id":"https:\/\/exploring-spain.com\/es\/#\/schema\/logo\/image\/","url":"https:\/\/exploring-spain.com\/wp-content\/uploads\/2021\/01\/logo.png","contentUrl":"https:\/\/exploring-spain.com\/wp-content\/uploads\/2021\/01\/logo.png","width":175,"height":50,"caption":"Muntania"},"image":{"@id":"https:\/\/exploring-spain.com\/es\/#\/schema\/logo\/image\/"},"sameAs":["https:\/\/www.facebook.com\/Muntania","https:\/\/x.com\/Muntania","https:\/\/www.instagram.com\/muntania_outdoors\/","https:\/\/www.pinterest.es\/muntania\/","https:\/\/www.youtube.com\/channel\/UCZ3QZ9qCpTklhdqiN7-F2Fw"]}]}},"_links":{"self":[{"href":"https:\/\/exploring-spain.com\/es\/wp-json\/wp\/v2\/pages\/16105","targetHints":{"allow":["GET"]}}],"collection":[{"href":"https:\/\/exploring-spain.com\/es\/wp-json\/wp\/v2\/pages"}],"about":[{"href":"https:\/\/exploring-spain.com\/es\/wp-json\/wp\/v2\/types\/page"}],"author":[{"embeddable":true,"href":"https:\/\/exploring-spain.com\/es\/wp-json\/wp\/v2\/users\/1"}],"replies":[{"embeddable":true,"href":"https:\/\/exploring-spain.com\/es\/wp-json\/wp\/v2\/comments?post=16105"}],"version-history":[{"count":1,"href":"https:\/\/exploring-spain.com\/es\/wp-json\/wp\/v2\/pages\/16105\/revisions"}],"predecessor-version":[{"id":16106,"href":"https:\/\/exploring-spain.com\/es\/wp-json\/wp\/v2\/pages\/16105\/revisions\/16106"}],"wp:attachment":[{"href":"https:\/\/exploring-spain.com\/es\/wp-json\/wp\/v2\/media?parent=16105"}],"curies":[{"name":"wp","href":"https:\/\/api.w.org\/{rel}","templated":true}]}}